{"id":1307,"date":"2021-04-28T08:43:21","date_gmt":"2021-04-28T08:43:21","guid":{"rendered":"https:\/\/isicassur.fr\/?page_id=1307"},"modified":"2021-05-14T16:38:43","modified_gmt":"2021-05-14T14:38:43","slug":"mentions-legales","status":"publish","type":"page","link":"https:\/\/isicassur.fr\/en\/mentions-legales\/","title":{"rendered":"Legal notices"},"content":{"rendered":"<div data-elementor-type=\"wp-page\" data-elementor-id=\"1307\" class=\"elementor elementor-1307\" data-elementor-post-type=\"page\">\n\t\t\t\t\t\t<section class=\"elementor-section elementor-top-section elementor-element elementor-element-b8174a4 elementor-section-height-min-height bgservicespages elementor-section-boxed elementor-section-height-default elementor-section-items-middle\" data-id=\"b8174a4\" data-element_type=\"section\" data-settings=\"{&quot;background_background&quot;:&quot;classic&quot;}\">\n\t\t\t\t\t\t<div class=\"elementor-container elementor-column-gap-default\">\n\t\t\t\t\t<div class=\"elementor-column elementor-col-100 elementor-top-column elementor-element elementor-element-cb77d62\" data-id=\"cb77d62\" data-element_type=\"column\">\n\t\t\t<div class=\"elementor-widget-wrap elementor-element-populated\">\n\t\t\t\t\t\t<div class=\"elementor-element elementor-element-ec2125b elementor-widget elementor-widget-text-editor\" data-id=\"ec2125b\" data-element_type=\"widget\" data-widget_type=\"text-editor.default\">\n\t\t\t\t<div class=\"elementor-widget-container\">\n\t\t\t\t\t\t\t<p>Legal notices<\/p>\t\t\t\t\t\t<\/div>\n\t\t\t\t<\/div>\n\t\t\t\t\t<\/div>\n\t\t<\/div>\n\t\t\t\t\t<\/div>\n\t\t<\/section>\n\t\t\t\t<section class=\"elementor-section elementor-top-section elementor-element elementor-element-07ec779 elementor-section-boxed elementor-section-height-default elementor-section-height-default\" data-id=\"07ec779\" data-element_type=\"section\">\n\t\t\t\t\t\t<div class=\"elementor-container elementor-column-gap-default\">\n\t\t\t\t\t<div class=\"elementor-column elementor-col-100 elementor-top-column elementor-element elementor-element-c8eece7\" data-id=\"c8eece7\" data-element_type=\"column\">\n\t\t\t<div class=\"elementor-widget-wrap elementor-element-populated\">\n\t\t\t\t\t\t<div class=\"elementor-element elementor-element-1078ccf elementor-widget elementor-widget-spacer\" data-id=\"1078ccf\" data-element_type=\"widget\" data-widget_type=\"spacer.default\">\n\t\t\t\t<div class=\"elementor-widget-container\">\n\t\t\t\t\t<div class=\"elementor-spacer\">\n\t\t\t<div class=\"elementor-spacer-inner\"><\/div>\n\t\t<\/div>\n\t\t\t\t<\/div>\n\t\t\t\t<\/div>\n\t\t\t\t\t<\/div>\n\t\t<\/div>\n\t\t\t\t\t<\/div>\n\t\t<\/section>\n\t\t\t\t<section class=\"elementor-section elementor-top-section elementor-element elementor-element-84e9108 elementor-section-boxed elementor-section-height-default elementor-section-height-default\" data-id=\"84e9108\" data-element_type=\"section\">\n\t\t\t\t\t\t<div class=\"elementor-container elementor-column-gap-default\">\n\t\t\t\t\t<div class=\"elementor-column elementor-col-100 elementor-top-column elementor-element elementor-element-01fdc95\" data-id=\"01fdc95\" data-element_type=\"column\">\n\t\t\t<div class=\"elementor-widget-wrap elementor-element-populated\">\n\t\t\t\t\t\t<div class=\"elementor-element elementor-element-ca837a9 elementor-widget elementor-widget-spacer\" data-id=\"ca837a9\" data-element_type=\"widget\" data-widget_type=\"spacer.default\">\n\t\t\t\t<div class=\"elementor-widget-container\">\n\t\t\t\t\t<div class=\"elementor-spacer\">\n\t\t\t<div class=\"elementor-spacer-inner\"><\/div>\n\t\t<\/div>\n\t\t\t\t<\/div>\n\t\t\t\t<\/div>\n\t\t\t\t\t<\/div>\n\t\t<\/div>\n\t\t\t\t\t<\/div>\n\t\t<\/section>\n\t\t\t\t<section class=\"elementor-section elementor-top-section elementor-element elementor-element-0c3c0b2 elementor-section-boxed elementor-section-height-default elementor-section-height-default\" data-id=\"0c3c0b2\" data-element_type=\"section\">\n\t\t\t\t\t\t<div class=\"elementor-container elementor-column-gap-default\">\n\t\t\t\t\t<div class=\"elementor-column elementor-col-100 elementor-top-column elementor-element elementor-element-ca86b7a\" data-id=\"ca86b7a\" data-element_type=\"column\">\n\t\t\t<div class=\"elementor-widget-wrap elementor-element-populated\">\n\t\t\t\t\t\t<div class=\"elementor-element elementor-element-75aa976 elementor-widget elementor-widget-spacer\" data-id=\"75aa976\" data-element_type=\"widget\" data-widget_type=\"spacer.default\">\n\t\t\t\t<div class=\"elementor-widget-container\">\n\t\t\t\t\t<div class=\"elementor-spacer\">\n\t\t\t<div class=\"elementor-spacer-inner\"><\/div>\n\t\t<\/div>\n\t\t\t\t<\/div>\n\t\t\t\t<\/div>\n\t\t\t\t<div class=\"elementor-element elementor-element-765aff9 elementor-widget elementor-widget-text-editor\" data-id=\"765aff9\" data-element_type=\"widget\" data-widget_type=\"text-editor.default\">\n\t\t\t\t<div class=\"elementor-widget-container\">\n\t\t\t\t\t\t\t<p>Le site www.isicassur.fr est la propri\u00e9t\u00e9 de la soci\u00e9t\u00e9 KINOUSASSUR.<br \/>H\u00e9bergement : OVH Conception : Takeoff digital<br \/>Directrice de la publication : Christine BARRAT<\/p><p>Tous les \u00e9l\u00e9ments contenus sur ce site (logiciels, logo, textes, images anim\u00e9es ou non, sons, vid\u00e9os, savoir-faire, et<br \/>plus g\u00e9n\u00e9ralement tout type de donn\u00e9es) sont prot\u00e9g\u00e9s par le Code de Propri\u00e9t\u00e9 Intellectuelle et sont la propri\u00e9t\u00e9 de<br \/>KINOUSASSUR et sont soumis aux lois prot\u00e9geant le droit d\u2019auteur d\u00e8s lors qu\u2019ils sont mis \u00e0 la disposition du public sur<br \/>ce site. Aucune licence, ni aucun droit que celui de consulter le site, n\u2019est conf\u00e9r\u00e9 \u00e0 quiconque au regard des droits de<br \/>propri\u00e9t\u00e9 intellectuelle. La reproduction des documents du site est autoris\u00e9e \u00e0 des fins exclusives d\u2019information pour<br \/>un usage personnel et priv\u00e9. Toute reproduction et toute utilisation de copie r\u00e9alis\u00e9e \u00e0 d\u2019autres fins sans autorisation<br \/>expresse et pr\u00e9alable de KINOUSASSUR est strictement interdite sous peine de poursuites conform\u00e9ment aux articles<br \/>L335-2 et suivants du Code de la propri\u00e9t\u00e9 intellectuelle.<\/p><p><strong>Notre soci\u00e9t\u00e9 :<\/strong><br \/>La SARL KINOUSASSUR au capital de 7 500 euros dont le si\u00e8ge social est situ\u00e9 au 17 avenue Jeanne d&rsquo;Arc \u00e0 ARCUEIL<br \/>(94110) et immatricul\u00e9e au RCS de Cr\u00e9teil sous le num\u00e9ro SIREN 443 485 578 est une soci\u00e9t\u00e9 de courtage exer\u00e7ant<br \/>selon les modalit\u00e9s de l\u2019article L.521-2 II b) du Code des assurances.<br \/>A ce titre, notre cabinet est immatricul\u00e9 \u00e0 l\u2019ORIAS dans la cat\u00e9gorie \u00abCourtier d\u2019assurance\u00bb sous le num\u00e9ro 07 00 75 39<br \/>(consultable sur www.orias.fr ou au 1 Rue Jules Lefebvre, 75009 Paris) et est soumis au contr\u00f4l\u00e9 de l\u2019Autorit\u00e9 de<br \/>Contr\u00f4le Prudentiel et de R\u00e9solution (ACPR) situ\u00e9e 4 Place de Budapest CS 92459 75436 Paris Cedex 09.<br \/>Dans le cadre de notre activit\u00e9, notre soci\u00e9t\u00e9 a souscrit une assurance de responsabilit\u00e9 civile ainsi qu\u2019une garantie<br \/>financi\u00e8re conformes aux articles L.530-1 et L.532-2 du Code des assurances.<br \/>En tant que courtier, notre cabinet n\u2019est pas soumis \u00e0 une obligation contractuelle de travailler exclusivement avec<br \/>une ou plusieurs compagnies d\u2019assurance mais son analyse se fonde sur un nombre restreint de contrats d\u2019assurances<br \/>pr\u00e9sents sur le march\u00e9.<br \/>Nous tenons \u00e0 votre disposition la liste de nos partenaires assureurs sur simple demande.<\/p>\t\t\t\t\t\t<\/div>\n\t\t\t\t<\/div>\n\t\t\t\t<div class=\"elementor-element elementor-element-20bb864 elementor-widget elementor-widget-text-editor\" data-id=\"20bb864\" data-element_type=\"widget\" data-widget_type=\"text-editor.default\">\n\t\t\t\t<div class=\"elementor-widget-container\">\n\t\t\t\t\t\t\t<p>Pour la distribution de nos contrats, notre cabinet est r\u00e9mun\u00e9r\u00e9 sur la base d\u2019une commission, c\u2019est-\u00e0-dire une<br \/>r\u00e9mun\u00e9ration incluse dans la prime d\u2019assurance revers\u00e9e ensuite par la compagnie d\u2019assurance porteuse du risque, et<br \/>selon les contrats propos\u00e9s, d\u2019honoraires dont le montant vous sera communiqu\u00e9 avant une souscription \u00e9ventuelle,<br \/>payables par le client au moment de la souscription du contrat.<\/p><p><strong>R\u00e9clamations :<\/strong><br \/>Soucieux de satisfaire au mieux notre client\u00e8le et de maintenir un lien de proximit\u00e9, notre soci\u00e9t\u00e9 a mis en place un<br \/>service r\u00e9clamation joignable par t\u00e9l\u00e9phone au 01 49 85 82 20 ou reclamation@kinousassur.com<br \/>Conform\u00e9ment aux exigences de l\u2019ACPR, nous nous engageons \u00e0 : accuser r\u00e9ception de votre r\u00e9clamation par \u00e9crit<br \/>dans les 10 jours suivant la r\u00e9ception de cette derni\u00e8re par nos services et \u00e0 y r\u00e9pondre avec diligence et attention<br \/>dans un d\u00e9lai maximum de deux mois.<br \/>En cas d\u2019\u00e9chec de votre r\u00e9clamation, vous pourrez vous adresser au M\u00e9diateur de l\u2019Assurance par courrier \u00e0 La<\/p><p>M\u00e9diation de l\u2019Assurance, P\u00f4le CSCA, TSA 50110 75441 Paris CEDEX 09, ou par mail : le.mediateur@mediation-<br \/>assurance.org.<\/p><p><strong>Donn\u00e9es personnelles :<\/strong><br \/>L\u2019ensemble des informations qui seront recueillies sont n\u00e9cessaires pour l\u2019analyse et l\u2019\u00e9tude de votre dossier<br \/>par notre cabinet et par les organismes d\u2019assurance. Ces donn\u00e9es feront l\u2019objet d\u2019un traitement informatique destin\u00e9<br \/>au traitement de la pr\u00e9sente demande d\u2019assurance.<br \/>L&rsquo;acc\u00e8s \u00e0 vos donn\u00e9es personnelles est strictement limit\u00e9 \u00e0 notre soci\u00e9t\u00e9, nos partenaires commerciaux et, le cas<br \/>\u00e9ch\u00e9ant, \u00e0 nos sous-traitants. Les sous-traitants en question sont soumis \u00e0 une obligation de confidentialit\u00e9 et ne<br \/>peuvent utiliser vos donn\u00e9es qu\u2019en conformit\u00e9 avec nos dispositions contractuelles et la l\u00e9gislation applicable.<br \/>En dehors des cas \u00e9nonc\u00e9s ci-dessus, nous nous engageons \u00e0 ne pas vendre, louer, c\u00e9der ni donner acc\u00e8s \u00e0 des tiers<br \/>\u00e0 vos donn\u00e9es sans votre consentement pr\u00e9alable, \u00e0 moins d\u2019y \u00eatre contraints en raison d\u2019un motif l\u00e9gitime (obligation<br \/>l\u00e9gale, lutte contre la fraude ou l\u2019abus, exercice des droits de la d\u00e9fense, etc.).<br \/>Conform\u00e9ment \u00e0 la loi \u00ab\u00a0Informatique et Libert\u00e9s\u00a0\u00bb du 20 Juin 2018, vous b\u00e9n\u00e9ficiez d&rsquo;un droit d&rsquo;acc\u00e8s, de modification,<br \/>de rectification, de suppression et d&rsquo;opposition relatif aux donn\u00e9es vous concernant en adressant une demande \u00e9crite<br \/>\u00e0 votre courtier. Vous pouvez, sous r\u00e9serve de la production d\u2019un justificatif d\u2019identit\u00e9 valide, exercer vos droits en<br \/>contactant CHRISTINE BARRAT par mail : christine.barrat@kinousassur.com\u00a0<\/p>\t\t\t\t\t\t<\/div>\n\t\t\t\t<\/div>\n\t\t\t\t<div class=\"elementor-element elementor-element-2f61b1c elementor-widget elementor-widget-spacer\" data-id=\"2f61b1c\" data-element_type=\"widget\" data-widget_type=\"spacer.default\">\n\t\t\t\t<div class=\"elementor-widget-container\">\n\t\t\t\t\t<div class=\"elementor-spacer\">\n\t\t\t<div class=\"elementor-spacer-inner\"><\/div>\n\t\t<\/div>\n\t\t\t\t<\/div>\n\t\t\t\t<\/div>\n\t\t\t\t\t<\/div>\n\t\t<\/div>\n\t\t\t\t\t<\/div>\n\t\t<\/section>\n\t\t\t\t<\/div>","protected":false},"excerpt":{"rendered":"<p>Mentions l\u00e9gales Le site www.isicassur.fr est la propri\u00e9t\u00e9 de la soci\u00e9t\u00e9 KINOUSASSUR.H\u00e9bergement : OVH Conception : Takeoff digitalDirectrice de la publication : Christine BARRAT Tous les \u00e9l\u00e9ments contenus sur ce site (logiciels, logo, textes, images anim\u00e9es ou non, sons, vid\u00e9os, savoir-faire, etplus g\u00e9n\u00e9ralement tout type de donn\u00e9es) sont prot\u00e9g\u00e9s par le Code de Propri\u00e9t\u00e9 Intellectuelle [&hellip;]<\/p>","protected":false},"author":2,"featured_media":0,"parent":0,"menu_order":0,"comment_status":"closed","ping_status":"closed","template":"","meta":{"footnotes":""},"class_list":["post-1307","page","type-page","status-publish","hentry"],"yoast_head":"<!-- This site is optimized with the Yoast SEO plugin v22.8 - https:\/\/yoast.com\/wordpress\/plugins\/seo\/ -->\n<title>Mentions l\u00e9gales - Isic Assur<\/title>\n<meta name=\"robots\" content=\"index, follow, max-snippet:-1, max-image-preview:large, max-video-preview:-1\" \/>\n<link rel=\"canonical\" href=\"https:\/\/isicassur.fr\/en\/mentions-legales\/\" \/>\n<meta property=\"og:locale\" content=\"en_US\" \/>\n<meta property=\"og:type\" content=\"article\" \/>\n<meta property=\"og:title\" content=\"Mentions l\u00e9gales - Isic Assur\" \/>\n<meta property=\"og:description\" content=\"Mentions l\u00e9gales Le site www.isicassur.fr est la propri\u00e9t\u00e9 de la soci\u00e9t\u00e9 KINOUSASSUR.H\u00e9bergement : OVH Conception : Takeoff digitalDirectrice de la publication : Christine BARRAT Tous les \u00e9l\u00e9ments contenus sur ce site (logiciels, logo, textes, images anim\u00e9es ou non, sons, vid\u00e9os, savoir-faire, etplus g\u00e9n\u00e9ralement tout type de donn\u00e9es) sont prot\u00e9g\u00e9s par le Code de Propri\u00e9t\u00e9 Intellectuelle [&hellip;]\" \/>\n<meta property=\"og:url\" content=\"https:\/\/isicassur.fr\/en\/mentions-legales\/\" \/>\n<meta property=\"og:site_name\" content=\"Isic Assur\" \/>\n<meta property=\"article:modified_time\" content=\"2021-05-14T14:38:43+00:00\" \/>\n<meta name=\"twitter:card\" content=\"summary_large_image\" \/>\n<meta name=\"twitter:label1\" content=\"Est. reading time\" \/>\n\t<meta name=\"twitter:data1\" content=\"4 minutes\" \/>\n<script type=\"application\/ld+json\" class=\"yoast-schema-graph\">{\"@context\":\"https:\/\/schema.org\",\"@graph\":[{\"@type\":\"WebPage\",\"@id\":\"https:\/\/isicassur.fr\/mentions-legales\/\",\"url\":\"https:\/\/isicassur.fr\/mentions-legales\/\",\"name\":\"Mentions l\u00e9gales - Isic Assur\",\"isPartOf\":{\"@id\":\"https:\/\/isicassur.fr\/#website\"},\"datePublished\":\"2021-04-28T08:43:21+00:00\",\"dateModified\":\"2021-05-14T14:38:43+00:00\",\"breadcrumb\":{\"@id\":\"https:\/\/isicassur.fr\/mentions-legales\/#breadcrumb\"},\"inLanguage\":\"en-US\",\"potentialAction\":[{\"@type\":\"ReadAction\",\"target\":[\"https:\/\/isicassur.fr\/mentions-legales\/\"]}]},{\"@type\":\"BreadcrumbList\",\"@id\":\"https:\/\/isicassur.fr\/mentions-legales\/#breadcrumb\",\"itemListElement\":[{\"@type\":\"ListItem\",\"position\":1,\"name\":\"Home\",\"item\":\"https:\/\/isicassur.fr\/\"},{\"@type\":\"ListItem\",\"position\":2,\"name\":\"Mentions l\u00e9gales\"}]},{\"@type\":\"WebSite\",\"@id\":\"https:\/\/isicassur.fr\/#website\",\"url\":\"https:\/\/isicassur.fr\/\",\"name\":\"Isic Assur\",\"description\":\"\",\"publisher\":{\"@id\":\"https:\/\/isicassur.fr\/#organization\"},\"potentialAction\":[{\"@type\":\"SearchAction\",\"target\":{\"@type\":\"EntryPoint\",\"urlTemplate\":\"https:\/\/isicassur.fr\/?s={search_term_string}\"},\"query-input\":\"required name=search_term_string\"}],\"inLanguage\":\"en-US\"},{\"@type\":\"Organization\",\"@id\":\"https:\/\/isicassur.fr\/#organization\",\"name\":\"Isic Assur\",\"url\":\"https:\/\/isicassur.fr\/\",\"logo\":{\"@type\":\"ImageObject\",\"inLanguage\":\"en-US\",\"@id\":\"https:\/\/isicassur.fr\/#\/schema\/logo\/image\/\",\"url\":\"https:\/\/isicassur.fr\/wp-content\/uploads\/2021\/04\/cropped-logo-isic-desktop.png\",\"contentUrl\":\"https:\/\/isicassur.fr\/wp-content\/uploads\/2021\/04\/cropped-logo-isic-desktop.png\",\"width\":300,\"height\":58,\"caption\":\"Isic Assur\"},\"image\":{\"@id\":\"https:\/\/isicassur.fr\/#\/schema\/logo\/image\/\"}}]}<\/script>\n<!-- \/ Yoast SEO plugin. -->","yoast_head_json":{"title":"Mentions l\u00e9gales - Isic Assur","robots":{"index":"index","follow":"follow","max-snippet":"max-snippet:-1","max-image-preview":"max-image-preview:large","max-video-preview":"max-video-preview:-1"},"canonical":"https:\/\/isicassur.fr\/en\/mentions-legales\/","og_locale":"en_US","og_type":"article","og_title":"Mentions l\u00e9gales - Isic Assur","og_description":"Mentions l\u00e9gales Le site www.isicassur.fr est la propri\u00e9t\u00e9 de la soci\u00e9t\u00e9 KINOUSASSUR.H\u00e9bergement : OVH Conception : Takeoff digitalDirectrice de la publication : Christine BARRAT Tous les \u00e9l\u00e9ments contenus sur ce site (logiciels, logo, textes, images anim\u00e9es ou non, sons, vid\u00e9os, savoir-faire, etplus g\u00e9n\u00e9ralement tout type de donn\u00e9es) sont prot\u00e9g\u00e9s par le Code de Propri\u00e9t\u00e9 Intellectuelle [&hellip;]","og_url":"https:\/\/isicassur.fr\/en\/mentions-legales\/","og_site_name":"Isic Assur","article_modified_time":"2021-05-14T14:38:43+00:00","twitter_card":"summary_large_image","twitter_misc":{"Est. reading time":"4 minutes"},"schema":{"@context":"https:\/\/schema.org","@graph":[{"@type":"WebPage","@id":"https:\/\/isicassur.fr\/mentions-legales\/","url":"https:\/\/isicassur.fr\/mentions-legales\/","name":"Mentions l\u00e9gales - Isic Assur","isPartOf":{"@id":"https:\/\/isicassur.fr\/#website"},"datePublished":"2021-04-28T08:43:21+00:00","dateModified":"2021-05-14T14:38:43+00:00","breadcrumb":{"@id":"https:\/\/isicassur.fr\/mentions-legales\/#breadcrumb"},"inLanguage":"en-US","potentialAction":[{"@type":"ReadAction","target":["https:\/\/isicassur.fr\/mentions-legales\/"]}]},{"@type":"BreadcrumbList","@id":"https:\/\/isicassur.fr\/mentions-legales\/#breadcrumb","itemListElement":[{"@type":"ListItem","position":1,"name":"Home","item":"https:\/\/isicassur.fr\/"},{"@type":"ListItem","position":2,"name":"Mentions l\u00e9gales"}]},{"@type":"WebSite","@id":"https:\/\/isicassur.fr\/#website","url":"https:\/\/isicassur.fr\/","name":"Isic Assur","description":"","publisher":{"@id":"https:\/\/isicassur.fr\/#organization"},"potentialAction":[{"@type":"SearchAction","target":{"@type":"EntryPoint","urlTemplate":"https:\/\/isicassur.fr\/?s={search_term_string}"},"query-input":"required name=search_term_string"}],"inLanguage":"en-US"},{"@type":"Organization","@id":"https:\/\/isicassur.fr\/#organization","name":"Isic Assur","url":"https:\/\/isicassur.fr\/","logo":{"@type":"ImageObject","inLanguage":"en-US","@id":"https:\/\/isicassur.fr\/#\/schema\/logo\/image\/","url":"https:\/\/isicassur.fr\/wp-content\/uploads\/2021\/04\/cropped-logo-isic-desktop.png","contentUrl":"https:\/\/isicassur.fr\/wp-content\/uploads\/2021\/04\/cropped-logo-isic-desktop.png","width":300,"height":58,"caption":"Isic Assur"},"image":{"@id":"https:\/\/isicassur.fr\/#\/schema\/logo\/image\/"}}]}},"_links":{"self":[{"href":"https:\/\/isicassur.fr\/en\/wp-json\/wp\/v2\/pages\/1307"}],"collection":[{"href":"https:\/\/isicassur.fr\/en\/wp-json\/wp\/v2\/pages"}],"about":[{"href":"https:\/\/isicassur.fr\/en\/wp-json\/wp\/v2\/types\/page"}],"author":[{"embeddable":true,"href":"https:\/\/isicassur.fr\/en\/wp-json\/wp\/v2\/users\/2"}],"replies":[{"embeddable":true,"href":"https:\/\/isicassur.fr\/en\/wp-json\/wp\/v2\/comments?post=1307"}],"version-history":[{"count":16,"href":"https:\/\/isicassur.fr\/en\/wp-json\/wp\/v2\/pages\/1307\/revisions"}],"predecessor-version":[{"id":1721,"href":"https:\/\/isicassur.fr\/en\/wp-json\/wp\/v2\/pages\/1307\/revisions\/1721"}],"wp:attachment":[{"href":"https:\/\/isicassur.fr\/en\/wp-json\/wp\/v2\/media?parent=1307"}],"curies":[{"name":"wp","href":"https:\/\/api.w.org\/{rel}","templated":true}]}}